{"id":724,"date":"2026-03-05T14:14:47","date_gmt":"2026-03-05T14:14:47","guid":{"rendered":"https:\/\/flugbindaren.com\/?page_id=724"},"modified":"2026-03-05T16:57:16","modified_gmt":"2026-03-05T16:57:16","slug":"kontakt","status":"publish","type":"page","link":"https:\/\/flugbindaren.com\/?page_id=724","title":{"rendered":"Kontakt"},"content":{"rendered":"\t\t<div data-elementor-type=\"wp-page\" data-elementor-id=\"724\" class=\"elementor elementor-724\">\n\t\t\t\t<div class=\"elementor-element elementor-element-504c8b3 e-flex e-con-boxed e-con e-parent\" data-id=\"504c8b3\" data-element_type=\"container\" data-e-type=\"container\">\n\t\t\t\t\t<div class=\"e-con-inner\">\n\t\t\t\t\t<\/div>\n\t\t\t\t<\/div>\n\t\t<div class=\"elementor-element elementor-element-8bf1072 e-flex e-con-boxed e-con e-parent\" data-id=\"8bf1072\" data-element_type=\"container\" data-e-type=\"container\">\n\t\t\t\t\t<div class=\"e-con-inner\">\n\t\t\t\t<div class=\"elementor-element elementor-element-13adac3 elementor-widget elementor-widget-heading\" data-id=\"13adac3\" data-element_type=\"widget\" data-e-type=\"widget\" data-widget_type=\"heading.default\">\n\t\t\t\t\t<h2 class=\"elementor-heading-title elementor-size-default\">Kontakta oss<\/h2>\t\t\t\t<\/div>\n\t\t\t\t\t<\/div>\n\t\t\t\t<\/div>\n\t\t<div class=\"elementor-element elementor-element-c61dab6 e-flex e-con-boxed e-con e-parent\" data-id=\"c61dab6\" data-element_type=\"container\" data-e-type=\"container\" data-settings=\"{&quot;shape_divider_top&quot;:&quot;split&quot;}\">\n\t\t\t\t\t<div class=\"e-con-inner\">\n\t\t\t\t<div class=\"elementor-shape elementor-shape-top\" aria-hidden=\"true\" data-negative=\"false\">\n\t\t\t<svg xmlns=\"http:\/\/www.w3.org\/2000\/svg\" viewBox=\"0 0 1000 20\" preserveAspectRatio=\"none\">\n\t<path class=\"elementor-shape-fill\" d=\"M0,0v3c0,0,393.8,0,483.4,0c9.2,0,16.6,7.4,16.6,16.6c0-9.1,7.4-16.6,16.6-16.6C606.2,3,1000,3,1000,3V0H0z\"\/>\n<\/svg>\t\t<\/div>\n\t\t\t\t<div class=\"elementor-element elementor-element-a65b899 elementor-widget__width-inherit elementor-widget elementor-widget-wpforms\" data-id=\"a65b899\" data-element_type=\"widget\" data-e-type=\"widget\" data-widget_type=\"wpforms.default\">\n\t\t\t\t<div class=\"elementor-widget-container\">\n\t\t\t\t\t<div class=\"wpforms-container wpforms-render-modern\" id=\"wpforms-113\"><form id=\"wpforms-form-113\" class=\"wpforms-validate wpforms-form\" data-formid=\"113\" method=\"post\" enctype=\"multipart\/form-data\" action=\"\/index.php?rest_route=%2Fwp%2Fv2%2Fpages%2F724\" data-token=\"16a28c5c3e6d68584450c750bf547d50\" data-token-time=\"1776770358\"><noscript class=\"wpforms-error-noscript\">Aktivera JavaScript i din webbl\u00e4sare f\u00f6r att fylla i formul\u00e4ret.<\/noscript><div id=\"wpforms-error-noscript\" style=\"display: none;\">Aktivera JavaScript i din webbl\u00e4sare f\u00f6r att fylla i formul\u00e4ret.<\/div><div class=\"wpforms-field-container\"><div id=\"wpforms-113-field_0-container\" class=\"wpforms-field wpforms-field-name\" data-field-id=\"0\"><label class=\"wpforms-field-label\" for=\"wpforms-113-field_0\">Name <span class=\"wpforms-required-label\" aria-hidden=\"true\">*<\/span><\/label><input type=\"text\" id=\"wpforms-113-field_0\" class=\"wpforms-field-large wpforms-field-required\" name=\"wpforms[fields][0]\" aria-errormessage=\"wpforms-113-field_0-error\" required><\/div><div id=\"wpforms-113-field_4-container\" class=\"wpforms-field wpforms-field-text\" data-field-id=\"4\"><label class=\"wpforms-field-label\" for=\"wpforms-113-field_4\">Phone <span class=\"wpforms-required-label\" aria-hidden=\"true\">*<\/span><\/label><input type=\"text\" id=\"wpforms-113-field_4\" class=\"wpforms-field-large wpforms-field-required\" name=\"wpforms[fields][4]\" aria-errormessage=\"wpforms-113-field_4-error\" required><\/div><div id=\"wpforms-113-field_1-container\" class=\"wpforms-field wpforms-field-email\" data-field-id=\"1\"><label class=\"wpforms-field-label\" for=\"wpforms-113-field_1\">Email Address <span class=\"wpforms-required-label\" aria-hidden=\"true\">*<\/span><\/label><input type=\"email\" id=\"wpforms-113-field_1\" class=\"wpforms-field-large wpforms-field-required\" name=\"wpforms[fields][1]\" spellcheck=\"false\" aria-errormessage=\"wpforms-113-field_1-error\" required><\/div><div id=\"wpforms-113-field_2-container\" class=\"wpforms-field wpforms-field-textarea\" data-field-id=\"2\"><label class=\"wpforms-field-label\" for=\"wpforms-113-field_2\">Your Message <span class=\"wpforms-required-label\" aria-hidden=\"true\">*<\/span><\/label><textarea id=\"wpforms-113-field_2\" class=\"wpforms-field-medium wpforms-field-required\" name=\"wpforms[fields][2]\" aria-errormessage=\"wpforms-113-field_2-error\" required><\/textarea><\/div><\/div><!-- .wpforms-field-container --><div class=\"wpforms-submit-container\" ><input type=\"hidden\" name=\"wpforms[id]\" value=\"113\"><input type=\"hidden\" name=\"page_title\" value=\"\"><input type=\"hidden\" name=\"page_url\" value=\"https:\/\/flugbindaren.com\/index.php?rest_route=\/wp\/v2\/pages\/724\"><input type=\"hidden\" name=\"url_referer\" value=\"\"><button type=\"submit\" name=\"wpforms[submit]\" id=\"wpforms-submit-113\" class=\"wpforms-submit\" data-alt-text=\"Sending...\" data-submit-text=\"Send Message\" aria-live=\"assertive\" value=\"wpforms-submit\">Send Message<\/button><\/div><\/form><\/div>  <!-- .wpforms-container -->\t\t\t\t<\/div>\n\t\t\t\t<\/div>\n\t\t\t\t\t<\/div>\n\t\t\t\t<\/div>\n\t\t<div class=\"elementor-element elementor-element-0ec44e1 e-flex e-con-boxed e-con e-parent\" data-id=\"0ec44e1\" data-element_type=\"container\" data-e-type=\"container\">\n\t\t\t\t\t<div class=\"e-con-inner\">\n\t\t\t\t\t<\/div>\n\t\t\t\t<\/div>\n\t\t<div class=\"elementor-element elementor-element-b95afaa e-flex e-con-boxed e-con e-parent\" data-id=\"b95afaa\" data-element_type=\"container\" data-e-type=\"container\">\n\t\t\t\t\t<div class=\"e-con-inner\">\n\t\t\t\t<div class=\"elementor-element elementor-element-5ede1ba elementor-widget elementor-widget-image\" data-id=\"5ede1ba\" data-element_type=\"widget\" data-e-type=\"widget\" data-widget_type=\"image.default\">\n\t\t\t\t\t\t\t\t\t\t\t\t\t\t\t<img fetchpriority=\"high\" decoding=\"async\" width=\"800\" height=\"800\" src=\"https:\/\/flugbindaren.com\/wp-content\/uploads\/2026\/03\/pexels-photo-27207261.jpeg\" class=\"attachment-large size-large wp-image-742\" alt=\"\" srcset=\"https:\/\/flugbindaren.com\/wp-content\/uploads\/2026\/03\/pexels-photo-27207261.jpeg 800w, https:\/\/flugbindaren.com\/wp-content\/uploads\/2026\/03\/pexels-photo-27207261-300x300.jpeg 300w, https:\/\/flugbindaren.com\/wp-content\/uploads\/2026\/03\/pexels-photo-27207261-150x150.jpeg 150w, https:\/\/flugbindaren.com\/wp-content\/uploads\/2026\/03\/pexels-photo-27207261-768x768.jpeg 768w, https:\/\/flugbindaren.com\/wp-content\/uploads\/2026\/03\/pexels-photo-27207261-200x200.jpeg 200w, https:\/\/flugbindaren.com\/wp-content\/uploads\/2026\/03\/pexels-photo-27207261-400x400.jpeg 400w, https:\/\/flugbindaren.com\/wp-content\/uploads\/2026\/03\/pexels-photo-27207261-600x600.jpeg 600w, https:\/\/flugbindaren.com\/wp-content\/uploads\/2026\/03\/pexels-photo-27207261-100x100.jpeg 100w\" sizes=\"(max-width: 800px) 100vw, 800px\" \/>\t\t\t\t\t\t\t\t\t\t\t\t\t\t\t<\/div>\n\t\t\t\t\t<\/div>\n\t\t\t\t<\/div>\n\t\t<div class=\"elementor-element elementor-element-329f9e9 e-flex e-con-boxed e-con e-parent\" data-id=\"329f9e9\" data-element_type=\"container\" data-e-type=\"container\">\n\t\t\t\t\t<div class=\"e-con-inner\">\n\t\t<div class=\"elementor-element elementor-element-9214e6e e-con-full e-flex e-con e-child\" data-id=\"9214e6e\" data-element_type=\"container\" data-e-type=\"container\">\n\t\t\t\t<\/div>\n\t\t\t\t\t<\/div>\n\t\t\t\t<\/div>\n\t\t<div class=\"elementor-element elementor-element-1bd6848 e-flex e-con-boxed e-con e-parent\" data-id=\"1bd6848\" data-element_type=\"container\" data-e-type=\"container\">\n\t\t\t\t\t<div class=\"e-con-inner\">\n\t\t\t\t<div class=\"elementor-element elementor-element-31d6519 elementor-widget elementor-widget-image\" data-id=\"31d6519\" data-element_type=\"widget\" data-e-type=\"widget\" data-widget_type=\"image.default\">\n\t\t\t\t\t\t\t\t\t\t\t\t\t\t\t<img decoding=\"async\" width=\"150\" height=\"150\" src=\"https:\/\/flugbindaren.com\/wp-content\/uploads\/2026\/03\/6_1_1a663607-88ef-4e4c-8027-4555914f0df7-150x150.webp\" class=\"attachment-thumbnail size-thumbnail wp-image-761\" alt=\"\" srcset=\"https:\/\/flugbindaren.com\/wp-content\/uploads\/2026\/03\/6_1_1a663607-88ef-4e4c-8027-4555914f0df7-150x150.webp 150w, https:\/\/flugbindaren.com\/wp-content\/uploads\/2026\/03\/6_1_1a663607-88ef-4e4c-8027-4555914f0df7-300x300.webp 300w, https:\/\/flugbindaren.com\/wp-content\/uploads\/2026\/03\/6_1_1a663607-88ef-4e4c-8027-4555914f0df7-768x768.webp 768w, https:\/\/flugbindaren.com\/wp-content\/uploads\/2026\/03\/6_1_1a663607-88ef-4e4c-8027-4555914f0df7-200x200.webp 200w, https:\/\/flugbindaren.com\/wp-content\/uploads\/2026\/03\/6_1_1a663607-88ef-4e4c-8027-4555914f0df7-400x400.webp 400w, https:\/\/flugbindaren.com\/wp-content\/uploads\/2026\/03\/6_1_1a663607-88ef-4e4c-8027-4555914f0df7-600x600.webp 600w, https:\/\/flugbindaren.com\/wp-content\/uploads\/2026\/03\/6_1_1a663607-88ef-4e4c-8027-4555914f0df7-100x100.webp 100w, https:\/\/flugbindaren.com\/wp-content\/uploads\/2026\/03\/6_1_1a663607-88ef-4e4c-8027-4555914f0df7.webp 823w\" sizes=\"(max-width: 150px) 100vw, 150px\" \/>\t\t\t\t\t\t\t\t\t\t\t\t\t\t\t<\/div>\n\t\t\t\t\t<\/div>\n\t\t\t\t<\/div>\n\t\t<div class=\"elementor-element elementor-element-a1fb79f e-flex e-con-boxed e-con e-parent\" data-id=\"a1fb79f\" data-element_type=\"container\" data-e-type=\"container\">\n\t\t\t\t\t<div class=\"e-con-inner\">\n\t\t\t\t<div class=\"elementor-element elementor-element-27bc2ee elementor-widget-divider--view-line elementor-widget elementor-widget-divider\" data-id=\"27bc2ee\" data-element_type=\"widget\" data-e-type=\"widget\" data-widget_type=\"divider.default\">\n\t\t\t\t\t\t\t<div class=\"elementor-divider\">\n\t\t\t<span class=\"elementor-divider-separator\">\n\t\t\t\t\t\t<\/span>\n\t\t<\/div>\n\t\t\t\t\t\t<\/div>\n\t\t\t\t\t<\/div>\n\t\t\t\t<\/div>\n\t\t\t\t<\/div>\n\t\t","protected":false},"excerpt":{"rendered":"<p>Kontakta oss Aktivera JavaScript i din webbl\u00e4sare f\u00f6r att fylla i formul\u00e4ret.Aktivera JavaScript i din webbl\u00e4sare f\u00f6r att fylla i formul\u00e4ret.Name *Phone *Email Address *Your Message * Send Message<\/p>\n","protected":false},"author":1,"featured_media":0,"parent":0,"menu_order":0,"comment_status":"closed","ping_status":"closed","template":"elementor_theme","meta":{"saved_in_kubio":true,"_monsterinsights_skip_tracking":false,"_monsterinsights_sitenote_active":false,"_monsterinsights_sitenote_note":"","_monsterinsights_sitenote_category":0,"_kadence_starter_templates_imported_post":false,"footnotes":""},"class_list":["post-724","page","type-page","status-publish","hentry"],"kubio_ai_page_context":{"short_desc":"","purpose":"general"},"_links":{"self":[{"href":"https:\/\/flugbindaren.com\/index.php?rest_route=\/wp\/v2\/pages\/724","targetHints":{"allow":["GET"]}}],"collection":[{"href":"https:\/\/flugbindaren.com\/index.php?rest_route=\/wp\/v2\/pages"}],"about":[{"href":"https:\/\/flugbindaren.com\/index.php?rest_route=\/wp\/v2\/types\/page"}],"author":[{"embeddable":true,"href":"https:\/\/flugbindaren.com\/index.php?rest_route=\/wp\/v2\/users\/1"}],"replies":[{"embeddable":true,"href":"https:\/\/flugbindaren.com\/index.php?rest_route=%2Fwp%2Fv2%2Fcomments&post=724"}],"version-history":[{"count":5,"href":"https:\/\/flugbindaren.com\/index.php?rest_route=\/wp\/v2\/pages\/724\/revisions"}],"predecessor-version":[{"id":825,"href":"https:\/\/flugbindaren.com\/index.php?rest_route=\/wp\/v2\/pages\/724\/revisions\/825"}],"wp:attachment":[{"href":"https:\/\/flugbindaren.com\/index.php?rest_route=%2Fwp%2Fv2%2Fmedia&parent=724"}],"curies":[{"name":"wp","href":"https:\/\/api.w.org\/{rel}","templated":true}]}}